{"id":1740,"date":"2025-05-14T11:13:22","date_gmt":"2025-05-14T11:13:22","guid":{"rendered":"https:\/\/md-medicina.si\/?page_id=1740"},"modified":"2025-08-10T22:20:06","modified_gmt":"2025-08-10T22:20:06","slug":"kakovost-in-varnost","status":"publish","type":"page","link":"https:\/\/md-medicina.si\/sq\/o-nas\/kakovost-in-varnost\/","title":{"rendered":"Cil\u00ebsi dhe siguri"},"content":{"rendered":"<section class=\"bde-section-1740-100 bde-section\">\n              \n  \n  \n\t\n\n  <div class=\"section-background-overlay\"><\/div>\n\n\n<div class=\"section-container\"><h2 class=\"bde-heading-1740-101 bde-heading\">\nCil\u00ebsi dhe siguri\n<\/h2><div class=\"bde-rich-text-1740-102 bde-rich-text breakdance-rich-text-styles\">\n<p>N\u00eb qendr\u00ebn MD Medicina, Sanatoriumi i Lubjan\u00ebs, ne jemi marr\u00eb me cil\u00ebsin\u00eb e sh\u00ebrbimeve mjek\u00ebsore dhe t\u00eb tjera q\u00eb nga themelimi. Organizimi efikas dhe profesionalizmi i lart\u00eb karakterizojn\u00eb pun\u00ebn e mjek\u00ebve, infermier\u00ebve dhe stafit tjet\u00ebr, t\u00eb cil\u00ebt kujdesen p\u00ebr pacient\u00ebt nga kontrolli fillestar deri te operacioni dhe trajtimi postoperativ. Pacient\u00ebve tan\u00eb u ofrojm\u00eb profesionaliz\u00ebm t\u00eb jasht\u00ebzakonsh\u00ebm, kujdes t\u00eb p\u00ebrkushtuar, siguri dhe staf miq\u00ebsor q\u00eb siguron nj\u00eb ambient t\u00eb k\u00ebndsh\u00ebm.<\/p>\n<\/div><\/div>\n<\/section><section class=\"bde-section-1740-103 bde-section\">\n              \n  \n  \n\t\n\n\n\n        <div class=\"section-shape-divider-wrapper section-shape-divider-wrapper--1\">\n          <span class=\"section-shape-divider\">\n                      <svg width=\"100%\" height=\"80%\" id=\"svg\" viewbox=\"0 0 1440 350\" xmlns=\"http:\/\/www.w3.org\/2000\/svg\" preserveaspectratio=\"none\" class=\"transition duration-300 ease-in-out delay-150\"><path d=\"M 0,600 L 0,225 C 185.59999999999997,169.8 371.19999999999993,114.6 542,146 C 712.8000000000001,177.4 868.8,295.4 1016,323 C 1163.2,350.6 1301.6,287.8 1440,225 L 1440,600 L 0,600 Z\" stroke=\"none\" stroke-width=\"0\" fill=\"white\" fill-opacity=\"1\" class=\"transition-all duration-300 ease-in-out delay-150 path-0\"><\/path><\/svg>\n                    <\/span>\n      <\/div>\n  <div class=\"section-container\"><img decoding=\"async\" class=\"bde-image2-1740-110 bde-image2\" src=\"https:\/\/md-medicina.si\/wp-content\/uploads\/2025\/05\/akreditacija_288.png\" loading=\"lazy\" srcset=\"https:\/\/md-medicina.si\/wp-content\/uploads\/2025\/05\/akreditacija_288.png 1194w, https:\/\/md-medicina.si\/wp-content\/uploads\/2025\/05\/akreditacija_288-300x229.png 300w, https:\/\/md-medicina.si\/wp-content\/uploads\/2025\/05\/akreditacija_288-1024x781.png 1024w, https:\/\/md-medicina.si\/wp-content\/uploads\/2025\/05\/akreditacija_288-768x586.png 768w\" sizes=\"(max-width: 1194px) 100vw, 1194px\"><div class=\"bde-rich-text-1740-112 bde-rich-text breakdance-rich-text-styles\">\n<p>N\u00eb pun\u00ebn ton\u00eb p\u00ebrdorim pajisje moderne dhe sallat tona t\u00eb operacionit jan\u00eb t\u00eb pajisura me nj\u00eb sistem ultrafiltrimi t\u00eb ajrit, i cili parandalon hyrjen e baktereve nga ajri n\u00eb zon\u00ebn e plag\u00ebs kirurgjikale. Past\u00ebrtia e mjedisit t\u00eb pun\u00ebs kontrollohet rregullisht nga nj\u00eb institucion i pavarur dhe kompetent. P\u00ebrve\u00e7 k\u00ebsaj, qendra jon\u00eb ndodhet n\u00eb af\u00ebrsi t\u00eb menj\u00ebhershme t\u00eb Qendr\u00ebs Klinike Universitare t\u00eb Lubjan\u00ebs, gj\u00eb q\u00eb kontribuon m\u00eb tej n\u00eb sigurin\u00eb e institucionit ton\u00eb.<\/p><p>P\u00ebrkujdesja jon\u00eb kryesore, p\u00ebrve\u00e7 ofrimit t\u00eb sh\u00ebrbimeve cil\u00ebsore, \u00ebsht\u00eb krijimi i nj\u00eb kulture t\u00eb siguris\u00eb s\u00eb pacient\u00ebve, e cila \u00ebsht\u00eb thelb\u00ebsore p\u00ebr besimin e nd\u00ebrsjell\u00eb midis pacient\u00ebve dhe stafit mjek\u00ebsor. Stafi yn\u00eb e siguron k\u00ebt\u00eb p\u00ebrmes mbik\u00ebqyrjes sipas standardeve t\u00eb p\u00ebrcaktuara dhe p\u00ebrmir\u00ebsimit t\u00eb vazhduesh\u00ebm t\u00eb proceseve t\u00eb pun\u00ebs. Ne d\u00ebshirojm\u00eb gjithashtu q\u00eb puna jon\u00eb t\u00eb vler\u00ebsohet nga jasht\u00eb, prandaj q\u00eb n\u00eb fillim t\u00eb veprimtaris\u00eb son\u00eb kemi filluar procesin p\u00ebr marrjen e akreditimit nd\u00ebrkomb\u00ebtar, pasi besojm\u00eb se kjo \u00ebsht\u00eb ky\u00e7e p\u00ebr p\u00ebrmir\u00ebsimin e cil\u00ebsis\u00eb n\u00eb organizatat sh\u00ebndet\u00ebsore. N\u00eb n\u00ebntor t\u00eb vitit 2017 e kemi fituar me sukses akreditimin nd\u00ebrkomb\u00ebtar.<\/p>\n<\/div><\/div>\n<\/section>","protected":false},"excerpt":{"rendered":"<p>Kakovost in varnost V centru MD medicina, Sanatorij Ljubljana, se s kakovostjo zdravstvenih in drugih storitev ukvarjamo vse od ustanovitve. U\u010dinkovita organizacija in vrhunska strokovnost ozna\u010dujeta delo na\u0161ih zdravnikov, medicinskih sester in ostalega osebja, ki se posve\u010dajo bolnikom od za\u010detnega pregleda do operacije in pooperativnega zdravljenja. Bolnikom nudimo izjemno strokovnost, skrbno nego, varnost in prijazno [&hellip;]<\/p>\n","protected":false},"author":1,"featured_media":0,"parent":398,"menu_order":0,"comment_status":"closed","ping_status":"closed","template":"","meta":{"_acf_changed":false,"inline_featured_image":false,"_breakdance_hide_in_design_set":false,"_breakdance_tags":"","footnotes":""},"class_list":["post-1740","page","type-page","status-publish","hentry"],"acf":[],"yoast_head":"<!-- This site is optimized with the Yoast SEO plugin v27.3 - https:\/\/yoast.com\/product\/yoast-seo-wordpress\/ -->\n<title>Kakovost in varnost | MD medicina<\/title>\n<meta name=\"robots\" content=\"index, follow, max-snippet:-1, max-image-preview:large, max-video-preview:-1\" \/>\n<link rel=\"canonical\" href=\"https:\/\/md-medicina.si\/sq\/o-nas\/kakovost-in-varnost\/\" \/>\n<meta property=\"og:locale\" content=\"sq_AL\" \/>\n<meta property=\"og:type\" content=\"article\" \/>\n<meta property=\"og:title\" content=\"Kakovost in varnost | MD medicina\" \/>\n<meta property=\"og:description\" content=\"Kakovost in varnost V centru MD medicina, Sanatorij Ljubljana, se s kakovostjo zdravstvenih in drugih storitev ukvarjamo vse od ustanovitve. U\u010dinkovita organizacija in vrhunska strokovnost ozna\u010dujeta delo na\u0161ih zdravnikov, medicinskih sester in ostalega osebja, ki se posve\u010dajo bolnikom od za\u010detnega pregleda do operacije in pooperativnega zdravljenja. Bolnikom nudimo izjemno strokovnost, skrbno nego, varnost in prijazno [&hellip;]\" \/>\n<meta property=\"og:url\" content=\"https:\/\/md-medicina.si\/sq\/o-nas\/kakovost-in-varnost\/\" \/>\n<meta property=\"og:site_name\" content=\"MD medicina\" \/>\n<meta property=\"article:modified_time\" content=\"2025-08-10T22:20:06+00:00\" \/>\n<meta name=\"twitter:card\" content=\"summary_large_image\" \/>\n<script type=\"application\/ld+json\" class=\"yoast-schema-graph\">{\"@context\":\"https:\\\/\\\/schema.org\",\"@graph\":[{\"@type\":\"WebPage\",\"@id\":\"https:\\\/\\\/md-medicina.si\\\/o-nas\\\/kakovost-in-varnost\\\/\",\"url\":\"https:\\\/\\\/md-medicina.si\\\/o-nas\\\/kakovost-in-varnost\\\/\",\"name\":\"Kakovost in varnost | MD medicina\",\"isPartOf\":{\"@id\":\"https:\\\/\\\/md-medicina.si\\\/en\\\/#website\"},\"datePublished\":\"2025-05-14T11:13:22+00:00\",\"dateModified\":\"2025-08-10T22:20:06+00:00\",\"breadcrumb\":{\"@id\":\"https:\\\/\\\/md-medicina.si\\\/o-nas\\\/kakovost-in-varnost\\\/#breadcrumb\"},\"inLanguage\":\"sq\",\"potentialAction\":[{\"@type\":\"ReadAction\",\"target\":[\"https:\\\/\\\/md-medicina.si\\\/o-nas\\\/kakovost-in-varnost\\\/\"]}]},{\"@type\":\"BreadcrumbList\",\"@id\":\"https:\\\/\\\/md-medicina.si\\\/o-nas\\\/kakovost-in-varnost\\\/#breadcrumb\",\"itemListElement\":[{\"@type\":\"ListItem\",\"position\":1,\"name\":\"Home\",\"item\":\"https:\\\/\\\/md-medicina.si\\\/\"},{\"@type\":\"ListItem\",\"position\":2,\"name\":\"O nas\",\"item\":\"https:\\\/\\\/md-medicina.si\\\/o-nas\\\/\"},{\"@type\":\"ListItem\",\"position\":3,\"name\":\"Kakovost in varnost\"}]},{\"@type\":\"WebSite\",\"@id\":\"https:\\\/\\\/md-medicina.si\\\/en\\\/#website\",\"url\":\"https:\\\/\\\/md-medicina.si\\\/en\\\/\",\"name\":\"MD medicina\",\"description\":\"Vse za va\u0161e zdravje.\",\"potentialAction\":[{\"@type\":\"SearchAction\",\"target\":{\"@type\":\"EntryPoint\",\"urlTemplate\":\"https:\\\/\\\/md-medicina.si\\\/en\\\/?s={search_term_string}\"},\"query-input\":{\"@type\":\"PropertyValueSpecification\",\"valueRequired\":true,\"valueName\":\"search_term_string\"}}],\"inLanguage\":\"sq\"}]}<\/script>\n<!-- \/ Yoast SEO plugin. -->","yoast_head_json":{"title":"Kakovost in varnost | MD medicina","robots":{"index":"index","follow":"follow","max-snippet":"max-snippet:-1","max-image-preview":"max-image-preview:large","max-video-preview":"max-video-preview:-1"},"canonical":"https:\/\/md-medicina.si\/sq\/o-nas\/kakovost-in-varnost\/","og_locale":"sq_AL","og_type":"article","og_title":"Kakovost in varnost | MD medicina","og_description":"Kakovost in varnost V centru MD medicina, Sanatorij Ljubljana, se s kakovostjo zdravstvenih in drugih storitev ukvarjamo vse od ustanovitve. U\u010dinkovita organizacija in vrhunska strokovnost ozna\u010dujeta delo na\u0161ih zdravnikov, medicinskih sester in ostalega osebja, ki se posve\u010dajo bolnikom od za\u010detnega pregleda do operacije in pooperativnega zdravljenja. Bolnikom nudimo izjemno strokovnost, skrbno nego, varnost in prijazno [&hellip;]","og_url":"https:\/\/md-medicina.si\/sq\/o-nas\/kakovost-in-varnost\/","og_site_name":"MD medicina","article_modified_time":"2025-08-10T22:20:06+00:00","twitter_card":"summary_large_image","schema":{"@context":"https:\/\/schema.org","@graph":[{"@type":"WebPage","@id":"https:\/\/md-medicina.si\/o-nas\/kakovost-in-varnost\/","url":"https:\/\/md-medicina.si\/o-nas\/kakovost-in-varnost\/","name":"Kakovost in varnost | MD medicina","isPartOf":{"@id":"https:\/\/md-medicina.si\/en\/#website"},"datePublished":"2025-05-14T11:13:22+00:00","dateModified":"2025-08-10T22:20:06+00:00","breadcrumb":{"@id":"https:\/\/md-medicina.si\/o-nas\/kakovost-in-varnost\/#breadcrumb"},"inLanguage":"sq","potentialAction":[{"@type":"ReadAction","target":["https:\/\/md-medicina.si\/o-nas\/kakovost-in-varnost\/"]}]},{"@type":"BreadcrumbList","@id":"https:\/\/md-medicina.si\/o-nas\/kakovost-in-varnost\/#breadcrumb","itemListElement":[{"@type":"ListItem","position":1,"name":"Home","item":"https:\/\/md-medicina.si\/"},{"@type":"ListItem","position":2,"name":"O nas","item":"https:\/\/md-medicina.si\/o-nas\/"},{"@type":"ListItem","position":3,"name":"Kakovost in varnost"}]},{"@type":"WebSite","@id":"https:\/\/md-medicina.si\/en\/#website","url":"https:\/\/md-medicina.si\/en\/","name":"MD medicina","description":"T\u00eb gjitha p\u00ebr sh\u00ebndetin tuaj.","potentialAction":[{"@type":"SearchAction","target":{"@type":"EntryPoint","urlTemplate":"https:\/\/md-medicina.si\/en\/?s={search_term_string}"},"query-input":{"@type":"PropertyValueSpecification","valueRequired":true,"valueName":"search_term_string"}}],"inLanguage":"sq"}]}},"_links":{"self":[{"href":"https:\/\/md-medicina.si\/sq\/wp-json\/wp\/v2\/pages\/1740","targetHints":{"allow":["GET"]}}],"collection":[{"href":"https:\/\/md-medicina.si\/sq\/wp-json\/wp\/v2\/pages"}],"about":[{"href":"https:\/\/md-medicina.si\/sq\/wp-json\/wp\/v2\/types\/page"}],"author":[{"embeddable":true,"href":"https:\/\/md-medicina.si\/sq\/wp-json\/wp\/v2\/users\/1"}],"replies":[{"embeddable":true,"href":"https:\/\/md-medicina.si\/sq\/wp-json\/wp\/v2\/comments?post=1740"}],"version-history":[{"count":6,"href":"https:\/\/md-medicina.si\/sq\/wp-json\/wp\/v2\/pages\/1740\/revisions"}],"predecessor-version":[{"id":2406,"href":"https:\/\/md-medicina.si\/sq\/wp-json\/wp\/v2\/pages\/1740\/revisions\/2406"}],"up":[{"embeddable":true,"href":"https:\/\/md-medicina.si\/sq\/wp-json\/wp\/v2\/pages\/398"}],"wp:attachment":[{"href":"https:\/\/md-medicina.si\/sq\/wp-json\/wp\/v2\/media?parent=1740"}],"curies":[{"name":"wp","href":"https:\/\/api.w.org\/{rel}","templated":true}]}}