{"id":1749,"date":"2025-05-14T11:20:52","date_gmt":"2025-05-14T11:20:52","guid":{"rendered":"https:\/\/md-medicina.si\/?page_id=1749"},"modified":"2025-08-10T22:20:06","modified_gmt":"2025-08-10T22:20:06","slug":"politika-zasebnosti","status":"publish","type":"page","link":"https:\/\/md-medicina.si\/it\/o-nas\/politika-zasebnosti\/","title":{"rendered":"politica sulla riservatezza"},"content":{"rendered":"<section class=\"bde-section-1749-100 bde-section\">\n  \n  \n\t\n\n\n\n<div class=\"section-container\"><div class=\"bde-rich-text-1749-101 bde-rich-text breakdance-rich-text-styles\">\n<h2>politica sulla riservatezza<\/h2><p><strong>Politika varstva osebnih podatkov obravnava ravnanje z informacijami, ki jih MD MEDICINA, zdravstvene in druge storitve, d.o.o. (ponudnik) dobi od obiskovalca, ko ta obi\u0161\u010de spletno mesto podjetja MD MEDICINA, zdravstvene in druge storitve, d.o.o. ali ko obiskovalec upravljalcu posreduje podatke na drug na\u010din (preko nakupa preko telefona, e-maila ali druga\u010de).<br><br>Politika varstva osebnih podatkov velja za podjetje MD MEDICINA, zdravstvene in druge storitve, d.o.o., za upravljalca in pogodbene izvajalce, ki dejavnsoti izvajajo za podjetje MD MEDICINA, zdravstvene in druge storitve, d.o.o..<br><br>Vse na\u0161e aktivnosti so v skladu z evropsko zakonodajo (Uredbo (EU) 2016\/697 o varstvu posameznikov pri obdelavi osebnih podatkov in o pretoku takih podatkov (Splo\u0161na uredba o varstvu podatkov ali GDPR) in konvencijami Sveta Evrope (ETS \u0161t. 108, ETS \u0161t.181, ETS \u0161t. 185, ETS \u0161t. 189)) in nacionalno zakonodajo Republike Slovenije (Zakonom o varstvu osebnih podatkov (ZVOP-1, Ur. l. RS, \u0161t. 94\/07), Zakonom o elektronskem poslovanju na trgu (ZEPT, Ur. l. RS, \u0161t. 96\/09 in 19\/15) itd.).<\/strong><\/p><h3>Upravljalec osebnih podatkov in kontaktni podatki<\/h3><p>Podatki o upravljavcu:<br><\/p><ul><li><p>MD MEDICINA, zdravstvene in druge storitve, d.o.o.; Bohori\u010deva ulica 5A, 1000 Ljubljana<\/p><\/li><li><p>Identifikacijska \u0161tevilka za DDV: SI59542217<\/p><\/li><li><p>Telefon: +386 1 430 90 10<\/p><\/li><li><p>E-mail: <a href=\"mailto:info@md-medicina.si\">info@md-medicina.si<\/a><\/p><\/li><\/ul><h3>Katere osebne podatke obdelujemo?<\/h3><p>Obdelujemo naslednje osebne podatke:<\/p><ul><li><p>Osnovni kontaktni podatki (ime, telefonska \u0161tevilka, e-naslov).<\/p><\/li><li><p>Podatki o uporabi na\u0161ih spletnih strani (kliki na povezave, porabljen \u010das) in podatki glede odziva na na\u0161a e-po\u0161tna sporo\u010dila (ali je bilo sporo\u010dilo odprto, na katere povezave ste kliknili).<\/p><\/li><li><p>Podatki, ki jih potrebujemo za izpolnitev pogodbe in dostavo kupljenega blaga (predmet nakupa, cena, naslov za dostavo, \u010das dostave, na\u010din pla\u010dila, datum pla\u010dila, podatki o reklamacijah, podatki o izdanem ra\u010dunu ipd.).<\/p><\/li><\/ul><h3>Na\u010dini uporabe podatkov<\/h3><p>Va\u0161e osebne podatke uporabljamo:<\/p><ul><li><p>kadar je to potrebno za izpolnitev na\u0161ih zakonskih obveznosti (npr. izdaja ra\u010dunov za kupljeno blago);<\/p><\/li><li><p>kadar je obdelava va\u0161ih osebnih podatkov potrebna za sklenitev in izpolnitev pogodbe, ki ste jo sklenili z nami ali ker ste od nas \u017eeleli ponudbo;<\/p><\/li><li><p>kadar ste za obdelavo svojih osebnih podatkov podali privolitev za obdelavo za posamezen namen obdelave, pri \u010demer imate vedno pravico, da dano privolitev prekli\u010dete;<\/p><\/li><li><p>kadar imamo za obdelavo va\u0161ih osebnih podatkov zakonit interes (ko vam po\u0161ljemo e-po\u0161to v primeru, da ste zapustili nakupovalno ko\u0161arico na na\u0161i spletni strani brez dokon\u010danja nakupa).<\/p><\/li><\/ul><h3>Nameni obdelave osebnih podatkov<\/h3><p>Va\u0161e osebne podatke lahko uporabljamo za enega ali ve\u010d navedenih namenov:<\/p><ul><li><p>komuniciranje z vami glede zagotavljanja na\u0161ih storitev ter odgovarjanja na va\u0161a povpra\u0161evanja;<\/p><\/li><li><p>sklenitev pogodbe in izpolnitev obveznosti, ki izhajajo iz sklenjene pogodbe;<\/p><\/li><li><p>tr\u017eno komuniciranje (po\u0161iljanje e-po\u0161te in SMS sporo\u010dil);<\/p><\/li><li><p>za uveljavljanje kakr\u0161nihkoli pravnih zahtevkov in re\u0161evanje sporov;<\/p><\/li><li><p>za statisti\u010dne analize o prodaji na\u0161ega blaga in o uporabi na\u0161ih spletnih strani;<\/p><\/li><\/ul><h3>Kako dolgo hranimo va\u0161e osebne podatke in kaj se z njimi zgodi?<\/h3><ul><li><p>Osebne podatke, ki jih obdelujemo na podlagi va\u0161e privolitve, hranimo trajno oz. do preklica te privolitve z va\u0161e strani.<\/p><\/li><li><p>Podatke o izdanih ra\u010dunih hranimo 10 let od izdaje.<\/p><\/li><li><p>Podatke, ki so potrebni za sklenitev in izpolnitev pogodbe med upravljalcem in kupcem, hranimo \u0161e 5 let od izpolnitve pogodbe (dobave blaga).<\/p><\/li><li><p>Po poteku roka hrambe osebne podatke u\u010dinkovito izbri\u0161emo ali anonimiziramo, kar pomeni, da jih obdelamo na tak na\u010din, da jih nikakor ni ve\u010d mogo\u010de povezati z vami oziroma jih pripisati vam.<\/p><\/li><\/ul><h3>Prostovoljnost posredovanja podatkov in posledice neposredovanja<\/h3><p>Posredovanje osebnih podatkov je prostovoljno. Osebnih podatkov nam niste dol\u017eni posredovati, vendar pa v primeru, da jih ne posredujete, ne morete z nami skleniti pogodbe (saj jih potrebujemo za dostavo naro\u010dila). Kateri podatki so taki, da njihovo neposredovanje povzro\u010di navedene posledice, bomo navedli vsaki\u010d, ko bomo od vas pridobivali osebne podatke.<\/p><h3>Kdo ima dostop do va\u0161ih osebnih podatkov?<\/h3><p>Va\u0161ih osebnih podatkov ne posredujemo in ne omogo\u010damo seznanitve z njimi tretjim osebam (izven podjetja MD MEDICINA, zdravstvene in druge storitve, d.o.o.) razen tistim, ki imajo z nami sklenjeno pisno pogodbo, na podlagi katere izvajajo dolo\u010dena opravila v zvezi z obdelavo podatkov in so dol\u017eni spo\u0161tovati zakonodajo glede obdelave in varstva osebnih podatkov (t.i. pogodbeni izvajalci). Pogodbeni izvajalci, ki jim posredujemo osebne podatke, so:<\/p><ul><li><p>ponudniki storitev marketinga;<\/p><\/li><li><p>ponudniki po\u0161iljanja e-po\u0161tnih sporo\u010dil;<\/p><\/li><li><p>ponudniki po\u0161iljanja sms sporo\u010dil;<\/p><\/li><li><p>ponudniki programerskih in spletnih re\u0161itev;<\/p><\/li><li><p>dostavne slu\u017ebe.<\/p><\/li><\/ul><p>Pogodbeni izvajalci smejo osebne podatke obdelovati zgolj v okviru na\u0161ih navodil in osebnih podatkov ne smejo obdelovati za lastne namene. Zavezani so, skupaj s svojimi zaposlenimi, k varovanju zaupnosti va\u0161ih osebnih podatkov.<br>Pogodbeni izvajalci osebnih podatkov ne izna\u0161ajo v tretje dr\u017eave (izven dr\u017eav \u010dlanic Evropskega gospodarskega prostora \u2013 to so \u010dlanice EU ter Islandija, Norve\u0161ka in Liechtenstein).<\/p><h3>Kak\u0161ne pravice imate v zvezi z osebnimi podatki, kako lahko prekli\u010dete privolitev za obdelavo in kak\u0161ne so posledicepreklica?<\/h3><p>Glede svojih osebnih podatkov imate naslednje pravice:<br><br>1. da od nas kadarkoli zahtevate:<\/p><ul><li><p>potrditev, ali obdelujemo va\u0161e osebne podatke;<\/p><\/li><li><p>dostop do osebnih podatkov;<\/p><\/li><li><p>informacije o namenu obdelave;<\/p><\/li><li><p>informacije o vrsti osebnih podatkov;<\/p><\/li><li><p>informacije o uporabnikih ali kategorijah uporabnikov, ki so jim bili ali jim bodo razkriti osebni podatki, zlasti uporabnike v tretjih dr\u017eavah ali mednarodnih organizacijah;<\/p><\/li><li><p>predvideno obdobje hrambe osebnih podatkov ali, \u010de to ni mogo\u010de, merila, ki se uporabijo za dolo\u010ditev tega obdobja;<\/p><\/li><li><p>obstoj avtomatiziranega sprejemanja odlo\u010ditev, vklju\u010dno z oblikovanjem profilov ter razloge zanj kot tudi pomen in predvidene posledice take obdelave za vas;<\/p><\/li><li><p>eno (brezpla\u010dno) kopijo osebnih podatkov v obliki, ki jo dolo\u010dite sami (\u010de je zahteva podana z elektronskim sredstvomza komunikacijo in ne zahtevate druga\u010de, se kopija zagotovi v elektronski obliki); za dodatne kopije, ki jih zahtevate, lahko zara\u010dunamo razumno pristojbino ob upo\u0161tevanju stro\u0161kov;<\/p><\/li><li><p>popravek neto\u010dnih osebnih podatkov;- omejitev obdelave, kadar:<\/p><\/li><li><p>oporekate to\u010dnosti osebnih podatkov, in sicer za obdobje, ki nam omogo\u010da preveriti to\u010dnost osebnih podatkov;<\/p><\/li><li><p>je obdelava nezakonita in nasprotujete izbrisu osebnih podatkov ter namesto tega zahtevate omejitev njihove uporabe;<\/p><\/li><li><p>osebnih podatkov ne potrebujemo ve\u010d za namene obdelave, pa jih vi potrebuje za uveljavljanje, izvajanje ali obrambo pravnih zahtevkov;<\/p><\/li><li><p>izbris vseh osebnih podatkov (pravica do pozabe), \u010de so izpolnjene predpostavke iz \u010dlena 17 Splo\u0161ne uredbe ovarstvu podatkov, predvsem pa v primeru, kadar prekli\u010dete privolitev za obdelavo osebnih podatkov;<\/p><\/li><li><p>izpis osebnih podatkov v strukturirani, splo\u0161no uporabljani in strojno berljivi obliki, s pravico, da te podatkeposredujete drugemu upravljavcu, ne da bi vas mi pri tem ovirali;<\/p><\/li><li><p>prenehanje uporabe osebnih podatkov za namene neposrednega tr\u017eenja, vklju\u010dno z oblikovanjem profilov;<\/p><\/li><li><p>da za vas ne velja odlo\u010ditev, ki temelji zgolj na avtomatizirani obdelavi, vklju\u010dno z oblikovanjem profilov \u010de soizpolnjene predpostavke iz \u010dlena 22 Splo\u0161ne uredbe o varstvu podatkov.<\/p><\/li><\/ul><p>2. pravico, da zoper nas vlo\u017eite prito\u017ebo pri Informacijskem poobla\u0161\u010dencu, \u010de menite, da obdelava va\u0161ih osebnih podatkov kr\u0161i Splo\u0161no uredbo o varstvu podatkov.<\/p><h3>Svoboda izbira<\/h3><p>Informacije, ki jih o sebi posredujete, nadzorujete vi. \u010ce se odlo\u010dite, da va\u0161ih podatkov ponudniku ne boste posredovali, potem do nekaterih mest, oziroma funkcij na spletni strani ne boste mogli dostopati.<br>\u010ce se spremenijo va\u0161i osebni podatki (po\u0161tna \u0161tevilka, e-naslov, fizi\u010dni naslov, telefonska \u0161tevilka), vas prosimo, da nas ospremembah obvestite na e-naslov <a href=\"mailto:info@md-medicina.si\">info@md-medicina.si<\/a>.<\/p><h3>Postopek uveljavljanja pravic<\/h3><p>Svoje zahteve, ki se ti\u010dejo uveljavljanja pravic v zvezi z osebnimi podatki lahko naslovite v pisni obliki ali na katerikoli kontakt podjetja MD MEDICINA, zdravstvene in druge storitve, d.o.o..<br>Posamezniki, ki se \u017eelite odjaviti od MD MEDICINA, zdravstvene in druge storitve, d.o.o. e-novic, nam to sporo\u010dite na e-naslov <a href=\"mailto:info@md-medicina.si\">info@md-medicina.si<\/a>.<br>Na va\u0161o zahtevo s katero uveljavljate svoje pravice v zvezi z osebnimi podatki bomo odgovorili brez odla\u0161anja oziroma najkasneje v roku 14 dni od prejema va\u0161e zahteve.<\/p><h3>Avtomati\u010dno bele\u017eenje informacij (neosebni podatki)<\/h3><p>Kadar koli dostopate na spletno stran, se splo\u0161ni, neosebni podatki (\u0161tevilo obiskov, povpre\u010den \u010das obiska na spletni strani, obiskane strani) avtomati\u010dno bele\u017eijo (ne kot del prijave). Te informacije uporabljamo za merjenje privla\u010dnosti na\u0161e spletne strani in izbolj\u0161evanje vsebin in uporabnosti. Va\u0161i podatki niso predmet nadaljnje obravnave in niso posredovani tretji stranki.<\/p><h3>Pi\u0161kotki<\/h3><p>Pi\u0161kotki so neopazne datoteke, ki so za\u010dasno shranjene na va\u0161em trdem disku in omogo\u010dajo ponudniku prepoznavanje va\u0161ega ra\u010dunalnika, ko naslednji\u010d obi\u0161\u010dete spletno stran. Ponudnik uporablja pi\u0161kotke le za zbiranje informacij, ki zadevajo uporabo spletne strani, in za optimizacijo svojih internetnih oglasnih aktivnosti.<br>Ogla\u0161evalski pi\u0161kotki spremljajo posameznikovo uporabo spletne strani ponudnika, razen \u010de se posameznik z uporabo pi\u0161kotkov na strani ne strinja.<\/p><h3>Varnost<\/h3><p>Ponudnik si prizadeva za zagotovitev varnosti osebnih podatkov. Va\u0161i podatki so ves \u010das za\u0161\u010diteni pred izgubo, uni\u010denjem, ponarejanjem, manipuliranjem in neavtoriziranim dostopom ali neavtoriziranim odkritjem.<br>Vsaka sprememba na\u0161e politike o varovanju osebnih podatkov bo objavljena na na\u0161em spletnem mestu.<br><br>Posodobljeno: 01.01.2020.<\/p><p><strong>OPOMBA:<\/strong><\/p><p>Ve\u010dina fotografij uporabljenih na na\u0161ih spletnih straneh so last MD Medicine. Vse ostale pa so kupljene prek portala <a target=\"_blank\" rel=\"noopener\" href=\"https:\/\/www.shutterstock.com\/\">ShutterStock<\/a>, ali prenesene iz brezpla\u010dnih portalov <a target=\"_blank\" rel=\"noopener\" href=\"https:\/\/www.pexels.com\/\">Pexels<\/a>, <a target=\"_blank\" rel=\"noopener\" href=\"https:\/\/pixabay.com\/\">Pixabay<\/a> ali <a target=\"_blank\" rel=\"noopener\" href=\"https:\/\/unsplash.com\/\">Unsplash<\/a>, ki ponujajo slike brez avtorskih pravic.<\/p><p><br><\/p>\n<\/div><\/div>\n<\/section>","protected":false},"excerpt":{"rendered":"<p>Politika zasebnostiPolitika varstva osebnih podatkov obravnava ravnanje z informacijami, ki jih MD MEDICINA, zdravstvene in druge storitve, d.o.o. (ponudnik) dobi od obiskovalca, ko ta obi\u0161\u010de spletno mesto podjetja MD MEDICINA, zdravstvene in druge storitve, d.o.o. ali ko obiskovalec upravljalcu posreduje podatke na drug na\u010din (preko nakupa preko telefona, e-maila ali druga\u010de).Politika varstva osebnih podatkov velja [&hellip;]<\/p>\n","protected":false},"author":1,"featured_media":0,"parent":398,"menu_order":0,"comment_status":"closed","ping_status":"closed","template":"","meta":{"_acf_changed":false,"inline_featured_image":false,"_breakdance_hide_in_design_set":false,"_breakdance_tags":"","footnotes":""},"class_list":["post-1749","page","type-page","status-publish","hentry"],"acf":[],"yoast_head":"<!-- This site is optimized with the Yoast SEO plugin v27.3 - https:\/\/yoast.com\/product\/yoast-seo-wordpress\/ -->\n<title>Politika zasebnosti | MD medicina<\/title>\n<meta name=\"robots\" content=\"index, follow, max-snippet:-1, max-image-preview:large, max-video-preview:-1\" \/>\n<link rel=\"canonical\" href=\"https:\/\/md-medicina.si\/it\/o-nas\/politika-zasebnosti\/\" \/>\n<meta property=\"og:locale\" content=\"it_IT\" \/>\n<meta property=\"og:type\" content=\"article\" \/>\n<meta property=\"og:title\" content=\"Politika zasebnosti | MD medicina\" \/>\n<meta property=\"og:description\" content=\"Politika zasebnostiPolitika varstva osebnih podatkov obravnava ravnanje z informacijami, ki jih MD MEDICINA, zdravstvene in druge storitve, d.o.o. (ponudnik) dobi od obiskovalca, ko ta obi\u0161\u010de spletno mesto podjetja MD MEDICINA, zdravstvene in druge storitve, d.o.o. ali ko obiskovalec upravljalcu posreduje podatke na drug na\u010din (preko nakupa preko telefona, e-maila ali druga\u010de).Politika varstva osebnih podatkov velja [&hellip;]\" \/>\n<meta property=\"og:url\" content=\"https:\/\/md-medicina.si\/it\/o-nas\/politika-zasebnosti\/\" \/>\n<meta property=\"og:site_name\" content=\"MD medicina\" \/>\n<meta property=\"article:modified_time\" content=\"2025-08-10T22:20:06+00:00\" \/>\n<meta name=\"twitter:card\" content=\"summary_large_image\" \/>\n<script type=\"application\/ld+json\" class=\"yoast-schema-graph\">{\"@context\":\"https:\\\/\\\/schema.org\",\"@graph\":[{\"@type\":\"WebPage\",\"@id\":\"https:\\\/\\\/md-medicina.si\\\/o-nas\\\/politika-zasebnosti\\\/\",\"url\":\"https:\\\/\\\/md-medicina.si\\\/o-nas\\\/politika-zasebnosti\\\/\",\"name\":\"Politika zasebnosti | MD medicina\",\"isPartOf\":{\"@id\":\"https:\\\/\\\/md-medicina.si\\\/en\\\/#website\"},\"datePublished\":\"2025-05-14T11:20:52+00:00\",\"dateModified\":\"2025-08-10T22:20:06+00:00\",\"breadcrumb\":{\"@id\":\"https:\\\/\\\/md-medicina.si\\\/o-nas\\\/politika-zasebnosti\\\/#breadcrumb\"},\"inLanguage\":\"it-IT\",\"potentialAction\":[{\"@type\":\"ReadAction\",\"target\":[\"https:\\\/\\\/md-medicina.si\\\/o-nas\\\/politika-zasebnosti\\\/\"]}]},{\"@type\":\"BreadcrumbList\",\"@id\":\"https:\\\/\\\/md-medicina.si\\\/o-nas\\\/politika-zasebnosti\\\/#breadcrumb\",\"itemListElement\":[{\"@type\":\"ListItem\",\"position\":1,\"name\":\"Home\",\"item\":\"https:\\\/\\\/md-medicina.si\\\/\"},{\"@type\":\"ListItem\",\"position\":2,\"name\":\"O nas\",\"item\":\"https:\\\/\\\/md-medicina.si\\\/o-nas\\\/\"},{\"@type\":\"ListItem\",\"position\":3,\"name\":\"Politika zasebnosti\"}]},{\"@type\":\"WebSite\",\"@id\":\"https:\\\/\\\/md-medicina.si\\\/en\\\/#website\",\"url\":\"https:\\\/\\\/md-medicina.si\\\/en\\\/\",\"name\":\"MD medicina\",\"description\":\"Vse za va\u0161e zdravje.\",\"potentialAction\":[{\"@type\":\"SearchAction\",\"target\":{\"@type\":\"EntryPoint\",\"urlTemplate\":\"https:\\\/\\\/md-medicina.si\\\/en\\\/?s={search_term_string}\"},\"query-input\":{\"@type\":\"PropertyValueSpecification\",\"valueRequired\":true,\"valueName\":\"search_term_string\"}}],\"inLanguage\":\"it-IT\"}]}<\/script>\n<!-- \/ Yoast SEO plugin. -->","yoast_head_json":{"title":"Politika zasebnosti | MD medicina","robots":{"index":"index","follow":"follow","max-snippet":"max-snippet:-1","max-image-preview":"max-image-preview:large","max-video-preview":"max-video-preview:-1"},"canonical":"https:\/\/md-medicina.si\/it\/o-nas\/politika-zasebnosti\/","og_locale":"it_IT","og_type":"article","og_title":"Politika zasebnosti | MD medicina","og_description":"Politika zasebnostiPolitika varstva osebnih podatkov obravnava ravnanje z informacijami, ki jih MD MEDICINA, zdravstvene in druge storitve, d.o.o. (ponudnik) dobi od obiskovalca, ko ta obi\u0161\u010de spletno mesto podjetja MD MEDICINA, zdravstvene in druge storitve, d.o.o. ali ko obiskovalec upravljalcu posreduje podatke na drug na\u010din (preko nakupa preko telefona, e-maila ali druga\u010de).Politika varstva osebnih podatkov velja [&hellip;]","og_url":"https:\/\/md-medicina.si\/it\/o-nas\/politika-zasebnosti\/","og_site_name":"MD medicina","article_modified_time":"2025-08-10T22:20:06+00:00","twitter_card":"summary_large_image","schema":{"@context":"https:\/\/schema.org","@graph":[{"@type":"WebPage","@id":"https:\/\/md-medicina.si\/o-nas\/politika-zasebnosti\/","url":"https:\/\/md-medicina.si\/o-nas\/politika-zasebnosti\/","name":"Politika zasebnosti | MD medicina","isPartOf":{"@id":"https:\/\/md-medicina.si\/en\/#website"},"datePublished":"2025-05-14T11:20:52+00:00","dateModified":"2025-08-10T22:20:06+00:00","breadcrumb":{"@id":"https:\/\/md-medicina.si\/o-nas\/politika-zasebnosti\/#breadcrumb"},"inLanguage":"it-IT","potentialAction":[{"@type":"ReadAction","target":["https:\/\/md-medicina.si\/o-nas\/politika-zasebnosti\/"]}]},{"@type":"BreadcrumbList","@id":"https:\/\/md-medicina.si\/o-nas\/politika-zasebnosti\/#breadcrumb","itemListElement":[{"@type":"ListItem","position":1,"name":"Home","item":"https:\/\/md-medicina.si\/"},{"@type":"ListItem","position":2,"name":"O nas","item":"https:\/\/md-medicina.si\/o-nas\/"},{"@type":"ListItem","position":3,"name":"Politika zasebnosti"}]},{"@type":"WebSite","@id":"https:\/\/md-medicina.si\/en\/#website","url":"https:\/\/md-medicina.si\/en\/","name":"MD medicina","description":"Tutto per la tua salute.","potentialAction":[{"@type":"SearchAction","target":{"@type":"EntryPoint","urlTemplate":"https:\/\/md-medicina.si\/en\/?s={search_term_string}"},"query-input":{"@type":"PropertyValueSpecification","valueRequired":true,"valueName":"search_term_string"}}],"inLanguage":"it-IT"}]}},"_links":{"self":[{"href":"https:\/\/md-medicina.si\/it\/wp-json\/wp\/v2\/pages\/1749","targetHints":{"allow":["GET"]}}],"collection":[{"href":"https:\/\/md-medicina.si\/it\/wp-json\/wp\/v2\/pages"}],"about":[{"href":"https:\/\/md-medicina.si\/it\/wp-json\/wp\/v2\/types\/page"}],"author":[{"embeddable":true,"href":"https:\/\/md-medicina.si\/it\/wp-json\/wp\/v2\/users\/1"}],"replies":[{"embeddable":true,"href":"https:\/\/md-medicina.si\/it\/wp-json\/wp\/v2\/comments?post=1749"}],"version-history":[{"count":3,"href":"https:\/\/md-medicina.si\/it\/wp-json\/wp\/v2\/pages\/1749\/revisions"}],"predecessor-version":[{"id":2407,"href":"https:\/\/md-medicina.si\/it\/wp-json\/wp\/v2\/pages\/1749\/revisions\/2407"}],"up":[{"embeddable":true,"href":"https:\/\/md-medicina.si\/it\/wp-json\/wp\/v2\/pages\/398"}],"wp:attachment":[{"href":"https:\/\/md-medicina.si\/it\/wp-json\/wp\/v2\/media?parent=1749"}],"curies":[{"name":"wp","href":"https:\/\/api.w.org\/{rel}","templated":true}]}}