{"id":1740,"date":"2025-05-14T11:13:22","date_gmt":"2025-05-14T11:13:22","guid":{"rendered":"https:\/\/md-medicina.si\/?page_id=1740"},"modified":"2025-08-10T22:20:06","modified_gmt":"2025-08-10T22:20:06","slug":"kakovost-in-varnost","status":"publish","type":"page","link":"https:\/\/md-medicina.si\/en\/o-nas\/kakovost-in-varnost\/","title":{"rendered":"Quality and safety"},"content":{"rendered":"<section class=\"bde-section-1740-100 bde-section\">\n              \n  \n  \n\t\n\n  <div class=\"section-background-overlay\"><\/div>\n\n\n<div class=\"section-container\"><h2 class=\"bde-heading-1740-101 bde-heading\">\nQuality and safety\n<\/h2><div class=\"bde-rich-text-1740-102 bde-rich-text breakdance-rich-text-styles\">\n<p>At the MD Medicina Center, Sanatorium Ljubljana, we have been dedicated to providing high-quality medical and other services since our establishment. Efficient organization and top-level expertise characterize the work of our doctors, nurses, and other staff, who care for patients from the initial examination to surgery and postoperative treatment. We offer our patients exceptional professionalism, attentive care, safety, and friendly staff who ensure a pleasant experience.<\/p>\n<\/div><\/div>\n<\/section><section class=\"bde-section-1740-103 bde-section\">\n              \n  \n  \n\t\n\n\n\n        <div class=\"section-shape-divider-wrapper section-shape-divider-wrapper--1\">\n          <span class=\"section-shape-divider\">\n                      <svg width=\"100%\" height=\"80%\" id=\"svg\" viewbox=\"0 0 1440 350\" xmlns=\"http:\/\/www.w3.org\/2000\/svg\" preserveaspectratio=\"none\" class=\"transition duration-300 ease-in-out delay-150\"><path d=\"M 0,600 L 0,225 C 185.59999999999997,169.8 371.19999999999993,114.6 542,146 C 712.8000000000001,177.4 868.8,295.4 1016,323 C 1163.2,350.6 1301.6,287.8 1440,225 L 1440,600 L 0,600 Z\" stroke=\"none\" stroke-width=\"0\" fill=\"white\" fill-opacity=\"1\" class=\"transition-all duration-300 ease-in-out delay-150 path-0\"><\/path><\/svg>\n                    <\/span>\n      <\/div>\n  <div class=\"section-container\"><img decoding=\"async\" class=\"bde-image2-1740-110 bde-image2\" src=\"https:\/\/md-medicina.si\/wp-content\/uploads\/2025\/05\/akreditacija_288.png\" loading=\"lazy\" srcset=\"https:\/\/md-medicina.si\/wp-content\/uploads\/2025\/05\/akreditacija_288.png 1194w, https:\/\/md-medicina.si\/wp-content\/uploads\/2025\/05\/akreditacija_288-300x229.png 300w, https:\/\/md-medicina.si\/wp-content\/uploads\/2025\/05\/akreditacija_288-1024x781.png 1024w, https:\/\/md-medicina.si\/wp-content\/uploads\/2025\/05\/akreditacija_288-768x586.png 768w\" sizes=\"(max-width: 1194px) 100vw, 1194px\"><div class=\"bde-rich-text-1740-112 bde-rich-text breakdance-rich-text-styles\">\n<p>In our work, we use state-of-the-art equipment, and our operating rooms are equipped with an air ultrafiltration system that prevents airborne bacteria from entering the surgical wound area. The cleanliness of the working environment is regularly checked by an independent, authorized institution. In addition, our center is located in the immediate vicinity of the University Medical Centre Ljubljana, which further contributes to the safety of our facility.<\/p><p>Our primary concern, in addition to providing high-quality services, is fostering a culture of patient safety, which is essential for mutual trust between patients and medical staff. Our staff ensures this through monitoring in accordance with established standards and by continuously improving work processes. We also believe in external evaluation of our work, which is why, from the very beginning, we committed to obtaining international accreditation, as we believe this is key to improving quality in healthcare organizations. In November 2017, we successfully obtained international accreditation.<\/p>\n<\/div><\/div>\n<\/section>","protected":false},"excerpt":{"rendered":"<p>Kakovost in varnost V centru MD medicina, Sanatorij Ljubljana, se s kakovostjo zdravstvenih in drugih storitev ukvarjamo vse od ustanovitve. U\u010dinkovita organizacija in vrhunska strokovnost ozna\u010dujeta delo na\u0161ih zdravnikov, medicinskih sester in ostalega osebja, ki se posve\u010dajo bolnikom od za\u010detnega pregleda do operacije in pooperativnega zdravljenja. Bolnikom nudimo izjemno strokovnost, skrbno nego, varnost in prijazno [&hellip;]<\/p>\n","protected":false},"author":1,"featured_media":0,"parent":398,"menu_order":0,"comment_status":"closed","ping_status":"closed","template":"","meta":{"_acf_changed":false,"inline_featured_image":false,"_breakdance_hide_in_design_set":false,"_breakdance_tags":"","footnotes":""},"class_list":["post-1740","page","type-page","status-publish","hentry"],"acf":[],"yoast_head":"<!-- This site is optimized with the Yoast SEO plugin v27.3 - https:\/\/yoast.com\/product\/yoast-seo-wordpress\/ -->\n<title>Kakovost in varnost | MD medicina<\/title>\n<meta name=\"robots\" content=\"index, follow, max-snippet:-1, max-image-preview:large, max-video-preview:-1\" \/>\n<link rel=\"canonical\" href=\"https:\/\/md-medicina.si\/en\/o-nas\/kakovost-in-varnost\/\" \/>\n<meta property=\"og:locale\" content=\"en_GB\" \/>\n<meta property=\"og:type\" content=\"article\" \/>\n<meta property=\"og:title\" content=\"Kakovost in varnost | MD medicina\" \/>\n<meta property=\"og:description\" content=\"Kakovost in varnost V centru MD medicina, Sanatorij Ljubljana, se s kakovostjo zdravstvenih in drugih storitev ukvarjamo vse od ustanovitve. U\u010dinkovita organizacija in vrhunska strokovnost ozna\u010dujeta delo na\u0161ih zdravnikov, medicinskih sester in ostalega osebja, ki se posve\u010dajo bolnikom od za\u010detnega pregleda do operacije in pooperativnega zdravljenja. Bolnikom nudimo izjemno strokovnost, skrbno nego, varnost in prijazno [&hellip;]\" \/>\n<meta property=\"og:url\" content=\"https:\/\/md-medicina.si\/en\/o-nas\/kakovost-in-varnost\/\" \/>\n<meta property=\"og:site_name\" content=\"MD medicina\" \/>\n<meta property=\"article:modified_time\" content=\"2025-08-10T22:20:06+00:00\" \/>\n<meta name=\"twitter:card\" content=\"summary_large_image\" \/>\n<script type=\"application\/ld+json\" class=\"yoast-schema-graph\">{\"@context\":\"https:\\\/\\\/schema.org\",\"@graph\":[{\"@type\":\"WebPage\",\"@id\":\"https:\\\/\\\/md-medicina.si\\\/o-nas\\\/kakovost-in-varnost\\\/\",\"url\":\"https:\\\/\\\/md-medicina.si\\\/o-nas\\\/kakovost-in-varnost\\\/\",\"name\":\"Kakovost in varnost | MD medicina\",\"isPartOf\":{\"@id\":\"https:\\\/\\\/md-medicina.si\\\/en\\\/#website\"},\"datePublished\":\"2025-05-14T11:13:22+00:00\",\"dateModified\":\"2025-08-10T22:20:06+00:00\",\"breadcrumb\":{\"@id\":\"https:\\\/\\\/md-medicina.si\\\/o-nas\\\/kakovost-in-varnost\\\/#breadcrumb\"},\"inLanguage\":\"en-GB\",\"potentialAction\":[{\"@type\":\"ReadAction\",\"target\":[\"https:\\\/\\\/md-medicina.si\\\/o-nas\\\/kakovost-in-varnost\\\/\"]}]},{\"@type\":\"BreadcrumbList\",\"@id\":\"https:\\\/\\\/md-medicina.si\\\/o-nas\\\/kakovost-in-varnost\\\/#breadcrumb\",\"itemListElement\":[{\"@type\":\"ListItem\",\"position\":1,\"name\":\"Home\",\"item\":\"https:\\\/\\\/md-medicina.si\\\/\"},{\"@type\":\"ListItem\",\"position\":2,\"name\":\"O nas\",\"item\":\"https:\\\/\\\/md-medicina.si\\\/o-nas\\\/\"},{\"@type\":\"ListItem\",\"position\":3,\"name\":\"Kakovost in varnost\"}]},{\"@type\":\"WebSite\",\"@id\":\"https:\\\/\\\/md-medicina.si\\\/en\\\/#website\",\"url\":\"https:\\\/\\\/md-medicina.si\\\/en\\\/\",\"name\":\"MD medicina\",\"description\":\"Vse za va\u0161e zdravje.\",\"potentialAction\":[{\"@type\":\"SearchAction\",\"target\":{\"@type\":\"EntryPoint\",\"urlTemplate\":\"https:\\\/\\\/md-medicina.si\\\/en\\\/?s={search_term_string}\"},\"query-input\":{\"@type\":\"PropertyValueSpecification\",\"valueRequired\":true,\"valueName\":\"search_term_string\"}}],\"inLanguage\":\"en-GB\"}]}<\/script>\n<!-- \/ Yoast SEO plugin. -->","yoast_head_json":{"title":"Kakovost in varnost | MD medicina","robots":{"index":"index","follow":"follow","max-snippet":"max-snippet:-1","max-image-preview":"max-image-preview:large","max-video-preview":"max-video-preview:-1"},"canonical":"https:\/\/md-medicina.si\/en\/o-nas\/kakovost-in-varnost\/","og_locale":"en_GB","og_type":"article","og_title":"Kakovost in varnost | MD medicina","og_description":"Kakovost in varnost V centru MD medicina, Sanatorij Ljubljana, se s kakovostjo zdravstvenih in drugih storitev ukvarjamo vse od ustanovitve. U\u010dinkovita organizacija in vrhunska strokovnost ozna\u010dujeta delo na\u0161ih zdravnikov, medicinskih sester in ostalega osebja, ki se posve\u010dajo bolnikom od za\u010detnega pregleda do operacije in pooperativnega zdravljenja. Bolnikom nudimo izjemno strokovnost, skrbno nego, varnost in prijazno [&hellip;]","og_url":"https:\/\/md-medicina.si\/en\/o-nas\/kakovost-in-varnost\/","og_site_name":"MD medicina","article_modified_time":"2025-08-10T22:20:06+00:00","twitter_card":"summary_large_image","schema":{"@context":"https:\/\/schema.org","@graph":[{"@type":"WebPage","@id":"https:\/\/md-medicina.si\/o-nas\/kakovost-in-varnost\/","url":"https:\/\/md-medicina.si\/o-nas\/kakovost-in-varnost\/","name":"Kakovost in varnost | MD medicina","isPartOf":{"@id":"https:\/\/md-medicina.si\/en\/#website"},"datePublished":"2025-05-14T11:13:22+00:00","dateModified":"2025-08-10T22:20:06+00:00","breadcrumb":{"@id":"https:\/\/md-medicina.si\/o-nas\/kakovost-in-varnost\/#breadcrumb"},"inLanguage":"en-GB","potentialAction":[{"@type":"ReadAction","target":["https:\/\/md-medicina.si\/o-nas\/kakovost-in-varnost\/"]}]},{"@type":"BreadcrumbList","@id":"https:\/\/md-medicina.si\/o-nas\/kakovost-in-varnost\/#breadcrumb","itemListElement":[{"@type":"ListItem","position":1,"name":"Home","item":"https:\/\/md-medicina.si\/"},{"@type":"ListItem","position":2,"name":"O nas","item":"https:\/\/md-medicina.si\/o-nas\/"},{"@type":"ListItem","position":3,"name":"Kakovost in varnost"}]},{"@type":"WebSite","@id":"https:\/\/md-medicina.si\/en\/#website","url":"https:\/\/md-medicina.si\/en\/","name":"MD medicina","description":"All for your health.","potentialAction":[{"@type":"SearchAction","target":{"@type":"EntryPoint","urlTemplate":"https:\/\/md-medicina.si\/en\/?s={search_term_string}"},"query-input":{"@type":"PropertyValueSpecification","valueRequired":true,"valueName":"search_term_string"}}],"inLanguage":"en-GB"}]}},"_links":{"self":[{"href":"https:\/\/md-medicina.si\/en\/wp-json\/wp\/v2\/pages\/1740","targetHints":{"allow":["GET"]}}],"collection":[{"href":"https:\/\/md-medicina.si\/en\/wp-json\/wp\/v2\/pages"}],"about":[{"href":"https:\/\/md-medicina.si\/en\/wp-json\/wp\/v2\/types\/page"}],"author":[{"embeddable":true,"href":"https:\/\/md-medicina.si\/en\/wp-json\/wp\/v2\/users\/1"}],"replies":[{"embeddable":true,"href":"https:\/\/md-medicina.si\/en\/wp-json\/wp\/v2\/comments?post=1740"}],"version-history":[{"count":6,"href":"https:\/\/md-medicina.si\/en\/wp-json\/wp\/v2\/pages\/1740\/revisions"}],"predecessor-version":[{"id":2406,"href":"https:\/\/md-medicina.si\/en\/wp-json\/wp\/v2\/pages\/1740\/revisions\/2406"}],"up":[{"embeddable":true,"href":"https:\/\/md-medicina.si\/en\/wp-json\/wp\/v2\/pages\/398"}],"wp:attachment":[{"href":"https:\/\/md-medicina.si\/en\/wp-json\/wp\/v2\/media?parent=1740"}],"curies":[{"name":"wp","href":"https:\/\/api.w.org\/{rel}","templated":true}]}}