{"id":414,"date":"2025-04-18T12:18:21","date_gmt":"2025-04-18T12:18:21","guid":{"rendered":"https:\/\/md-medicina.si\/?page_id=414"},"modified":"2026-03-26T15:47:56","modified_gmt":"2026-03-26T15:47:56","slug":"kontakt","status":"publish","type":"page","link":"https:\/\/md-medicina.si\/de\/kontakt\/","title":{"rendered":"Kontakt"},"content":{"rendered":"<section class=\"bde-section-414-100 bde-section\">\n  \n  \n\t\n\n\n\n<div class=\"section-container\"><h2 class=\"bde-heading-414-101 bde-heading\">\nKontakt\n<\/h2><div class=\"bde-text-414-102 bde-text\">\nMD medicina, Sanatorij Ljubljana, se nahaja v mestnem sredi\u0161\u010du, v neposredni bli\u017eini Univerzitetnega klini\u010dnega centra Ljubljana in Medicinske fakultete.\u00a0\n<\/div><\/div>\n<\/section><section class=\"bde-section-414-104 bde-section\">\n              \n  \n  \n\t\n\n\n\n        <div class=\"section-shape-divider-wrapper section-shape-divider-wrapper--1\">\n          <span class=\"section-shape-divider\">\n                      <svg width=\"100%\" height=\"80%\" id=\"svg\" viewBox=\"0 0 1440 350\" xmlns=\"http:\/\/www.w3.org\/2000\/svg\" preserveAspectRatio=\"none\" class=\"transition duration-300 ease-in-out delay-150\"><path d=\"M 0,600 L 0,225 C 185.59999999999997,169.8 371.19999999999993,114.6 542,146 C 712.8000000000001,177.4 868.8,295.4 1016,323 C 1163.2,350.6 1301.6,287.8 1440,225 L 1440,600 L 0,600 Z\" stroke=\"none\" stroke-width=\"0\" fill=\"white\" fill-opacity=\"1\" class=\"transition-all duration-300 ease-in-out delay-150 path-0\"><\/path><\/svg>\n                    <\/span>\n      <\/div>\n  <div class=\"section-container\"><div class=\"bde-columns-414-106 bde-columns\"><div class=\"bde-column-414-108 bde-column\">\n  \n  \n\t\n\n\n\n<h2 class=\"bde-heading-414-110 bde-heading\">\nKontaktni podatki\n<\/h2><div class=\"bde-rich-text-414-111 bde-rich-text breakdance-rich-text-styles\">\n<p><strong>MD MEDICINA, zdravstvene in druge storitve, d.o.o.<\/strong><br \/>Bohori\u010deva ul. 5,\u00a01000\u00a0Ljubljana<br \/><br \/><strong>Mobitel<\/strong>: 031 214 444<br \/><strong>E-po\u0161ta<\/strong>:\u00a0info@md-medicina.si<\/p>\n<\/div><div class=\"bde-rich-text-414-112 bde-rich-text breakdance-rich-text-styles\">\n<p><strong>ID za DDV<\/strong>:\u00a0SI59542217<br \/><strong>Mati\u010dna \u0161tevilka<\/strong>:\u00a05748429000<br \/><strong>\u0160ifra dejavnosti<\/strong>: Q86.100 \u2013 Bolni\u0161ni\u010dna zdravstvena dejavnost<br \/><br \/><strong>Transakcijski ra\u010dun<\/strong>:\u2028<br \/>IBAN SI56 3500 1000 1692 077 (BKS bank AG)<\/p>\n<\/div>\n<\/div><div class=\"bde-column-414-109 bde-column\">\n  \n  \n\t\n\n\n\n<div class=\"bde-form-builder-414-113 bde-form-builder\">\n\n<form id=\"kontakt113\" class=\"breakdance-form breakdance-form--vertical\" data-options=\"{&quot;slug&quot;:&quot;custom&quot;,&quot;name&quot;:&quot;Kontakt&quot;,&quot;ajaxUrl&quot;:&quot;https:\\\/\\\/md-medicina.si\\\/wp-admin\\\/admin-ajax.php&quot;,&quot;clearOnSuccess&quot;:true,&quot;hideOnSuccess&quot;:false,&quot;successMessage&quot;:&quot;Va\\u0161e sporo\\u010dilo je bilo uspe\\u0161no poslano&quot;,&quot;errorMessage&quot;:&quot;Nekaj je \\u0161lo narobe&quot;,&quot;redirect&quot;:true,&quot;redirectUrl&quot;:&quot;\\\/zahvalna-stran\\\/&quot;,&quot;customJavaScript&quot;:&quot;&quot;,&quot;recaptcha&quot;:{&quot;key&quot;:&quot;&quot;,&quot;enabled&quot;:false},&quot;honeypot_enabled&quot;:false,&quot;popupsOnSuccess&quot;:[],&quot;popupsOnError&quot;:[]}\" data-steps=\"0\" >\n  \n  \n  \n<div class=\"breakdance-form-field breakdance-form-field--text\" >\n    \n    \n            <label class=\"breakdance-form-field__label\" for=\"name\">\n            Ime\n        <\/label>\n    \n    <input\n    class=\"breakdance-form-field__input\"\n    id=\"name\"\n    aria-describedby=\"name\"\n    type=\"text\"\n    name=\"fields[name]\"\n    placeholder=\"Va\u0161e ime\"\n    value=\"\"\n                \n        \n        \n    \n    \n    \n    \n>\n\n\n    \n    \n<\/div>\n\n\n<div class=\"breakdance-form-field breakdance-form-field--text\" >\n    \n    \n            <label class=\"breakdance-form-field__label\" for=\"qtddzk\">\n            Priimek\n        <\/label>\n    \n    <input\n    class=\"breakdance-form-field__input\"\n    id=\"qtddzk\"\n    aria-describedby=\"qtddzk\"\n    type=\"text\"\n    name=\"fields[qtddzk]\"\n    placeholder=\"Va\u0161 priimek\"\n    value=\"\"\n                \n        \n        \n    \n    \n    \n    \n>\n\n\n    \n    \n<\/div>\n\n\n<div class=\"breakdance-form-field breakdance-form-field--text\" >\n    \n    \n            <label class=\"breakdance-form-field__label\" for=\"fdyzfd\">\n            E-po\u0161ta<span class=\"breakdance-form-field__required\">*<\/span>\n        <\/label>\n    \n    <input\n    class=\"breakdance-form-field__input\"\n    id=\"fdyzfd\"\n    aria-describedby=\"fdyzfd\"\n    type=\"text\"\n    name=\"fields[fdyzfd]\"\n    placeholder=\"Va\u0161a e-po\u0161ta\"\n    value=\"\"\n                \n        \n        \n    required\n    \n    \n    \n>\n\n\n    \n    \n<\/div>\n\n\n<div class=\"breakdance-form-field breakdance-form-field--text\" >\n    \n    \n            <label class=\"breakdance-form-field__label\" for=\"oyqjpr\">\n            Telefon\n        <\/label>\n    \n    <input\n    class=\"breakdance-form-field__input\"\n    id=\"oyqjpr\"\n    aria-describedby=\"oyqjpr\"\n    type=\"text\"\n    name=\"fields[oyqjpr]\"\n    placeholder=\"Va\u0161a tel. \u0161tevilka\"\n    value=\"\"\n                \n        \n        \n    \n    \n    \n    \n>\n\n\n    \n    \n<\/div>\n\n\n<div class=\"breakdance-form-field breakdance-form-field--textarea\" >\n    \n    \n            <label class=\"breakdance-form-field__label\" for=\"nyscnf\">\n            Sporo\u010dilo\n        <\/label>\n    \n    <textarea\n    class=\"breakdance-form-field__input\"\n    id=\"nyscnf\"\n    aria-describedby=\"nyscnf\"\n    type=\"textarea\"\n    name=\"fields[nyscnf]\"\n        rows=\"4\"\n        placeholder=\"Va\u0161e sporo\u010dilo...\"\n    \n    >\n<\/textarea>\n\n\n    \n    \n<\/div>\n\n\n  \n\n<div class=\"breakdance-form-field breakdance-form-footer\">\n    \n    \n                                    \n    \n    \n    \n    \n            \n            <button type=\"submit\" class=\"button-atom button-atom--primary breakdance-form-button breakdance-form-button__submit\"  >\n    \n        <span class=\"button-atom__text\">Po\u0161lji sporo\u010dilo<\/span>\n\n        \n        \n            <\/button>\n    \n    <input type=\"hidden\" name=\"form_id\" value=\"113\">\n    <input type=\"hidden\" name=\"post_id\" value=\"414\">\n<\/div>\n\n  \n<\/form>\n\n\n<\/div>\n<\/div><\/div><\/div>\n<\/section><section class=\"bde-section-414-167 bde-section\">\n  \n  \n\t\n\n\n\n<div class=\"section-container\"><h1 class=\"bde-heading-414-168 bde-heading\">\nKako do nas?\n<\/h1><div class=\"bde-google-map-414-169 bde-google-map\">\r\n<iframe width=\"100%\" height=\"100%\" style=\"border:0\" loading=\"lazy\" title=\"Map\" src=\"https:\/\/maps.google.com\/maps?q=MD+MEDICINA%2C+zdravstvene+in+druge+storitve%2C+d.o.o.%3Cbr%3EBohori%C4%8Deva+ul.+5%2C%C2%A01000%C2%A0Ljubljana&t=m&z=14&output=embed&iwloc=near\" allowfullscreen><\/iframe>\n<\/div><\/div>\n<\/section>","protected":false},"excerpt":{"rendered":"<p>Kontakt MD medicina, Sanatorij Ljubljana, se nahaja v mestnem sredi\u0161\u010du, v neposredni bli\u017eini Univerzitetnega klini\u010dnega centra Ljubljana in Medicinske fakultete.\u00a0 Kontaktni podatki MD MEDICINA, zdravstvene in druge storitve, d.o.o.Bohori\u010deva ul. 5,\u00a01000\u00a0LjubljanaMobitel: 031 214 444E-po\u0161ta:\u00a0info@md-medicina.si ID za DDV:\u00a0SI59542217Mati\u010dna \u0161tevilka:\u00a05748429000\u0160ifra dejavnosti: Q86.100 \u2013 Bolni\u0161ni\u010dna zdravstvena dejavnostTransakcijski ra\u010dun:\u2028IBAN SI56 3500 1000 1692 077 (BKS bank AG) Ime Priimek [&hellip;]<\/p>\n","protected":false},"author":1,"featured_media":0,"parent":0,"menu_order":0,"comment_status":"closed","ping_status":"open","template":"","meta":{"_acf_changed":false,"inline_featured_image":false,"_breakdance_hide_in_design_set":false,"_breakdance_tags":"","footnotes":""},"class_list":["post-414","page","type-page","status-publish","hentry"],"acf":[],"yoast_head":"<!-- This site is optimized with the Yoast SEO plugin v27.3 - https:\/\/yoast.com\/product\/yoast-seo-wordpress\/ -->\n<title>Kontakt | MD medicina<\/title>\n<meta name=\"description\" content=\"Obi\u0161\u010dite MD Medicina v centru Ljubljane, v neposredni bli\u017eini UKC. Nudimo vrhunske urolo\u0161ke in specialisti\u010dne storitve brez \u010dakanja. Naro\u010dite se na pregled.\" \/>\n<meta name=\"robots\" content=\"index, follow, max-snippet:-1, max-image-preview:large, max-video-preview:-1\" \/>\n<link rel=\"canonical\" href=\"https:\/\/md-medicina.si\/de\/kontakt\/\" \/>\n<meta property=\"og:locale\" content=\"de_DE\" \/>\n<meta property=\"og:type\" content=\"article\" \/>\n<meta property=\"og:title\" content=\"Kontakt | MD medicina\" \/>\n<meta property=\"og:description\" content=\"Obi\u0161\u010dite MD Medicina v centru Ljubljane, v neposredni bli\u017eini UKC. Nudimo vrhunske urolo\u0161ke in specialisti\u010dne storitve brez \u010dakanja. Naro\u010dite se na pregled.\" \/>\n<meta property=\"og:url\" content=\"https:\/\/md-medicina.si\/de\/kontakt\/\" \/>\n<meta property=\"og:site_name\" content=\"MD medicina\" \/>\n<meta property=\"article:modified_time\" content=\"2026-03-26T15:47:56+00:00\" \/>\n<meta name=\"twitter:card\" content=\"summary_large_image\" \/>\n<meta name=\"twitter:label1\" content=\"Gesch\u00e4tzte Lesezeit\" \/>\n\t<meta name=\"twitter:data1\" content=\"1\u00a0Minute\" \/>\n<script type=\"application\/ld+json\" class=\"yoast-schema-graph\">{\"@context\":\"https:\\\/\\\/schema.org\",\"@graph\":[{\"@type\":\"WebPage\",\"@id\":\"https:\\\/\\\/md-medicina.si\\\/kontakt\\\/\",\"url\":\"https:\\\/\\\/md-medicina.si\\\/kontakt\\\/\",\"name\":\"Kontakt | MD medicina\",\"isPartOf\":{\"@id\":\"https:\\\/\\\/md-medicina.si\\\/en\\\/#website\"},\"datePublished\":\"2025-04-18T12:18:21+00:00\",\"dateModified\":\"2026-03-26T15:47:56+00:00\",\"description\":\"Obi\u0161\u010dite MD Medicina v centru Ljubljane, v neposredni bli\u017eini UKC. Nudimo vrhunske urolo\u0161ke in specialisti\u010dne storitve brez \u010dakanja. Naro\u010dite se na pregled.\",\"breadcrumb\":{\"@id\":\"https:\\\/\\\/md-medicina.si\\\/kontakt\\\/#breadcrumb\"},\"inLanguage\":\"de\",\"potentialAction\":[{\"@type\":\"ReadAction\",\"target\":[\"https:\\\/\\\/md-medicina.si\\\/kontakt\\\/\"]}]},{\"@type\":\"BreadcrumbList\",\"@id\":\"https:\\\/\\\/md-medicina.si\\\/kontakt\\\/#breadcrumb\",\"itemListElement\":[{\"@type\":\"ListItem\",\"position\":1,\"name\":\"Home\",\"item\":\"https:\\\/\\\/md-medicina.si\\\/\"},{\"@type\":\"ListItem\",\"position\":2,\"name\":\"Kontakt\"}]},{\"@type\":\"WebSite\",\"@id\":\"https:\\\/\\\/md-medicina.si\\\/en\\\/#website\",\"url\":\"https:\\\/\\\/md-medicina.si\\\/en\\\/\",\"name\":\"MD medicina\",\"description\":\"Vse za va\u0161e zdravje.\",\"potentialAction\":[{\"@type\":\"SearchAction\",\"target\":{\"@type\":\"EntryPoint\",\"urlTemplate\":\"https:\\\/\\\/md-medicina.si\\\/en\\\/?s={search_term_string}\"},\"query-input\":{\"@type\":\"PropertyValueSpecification\",\"valueRequired\":true,\"valueName\":\"search_term_string\"}}],\"inLanguage\":\"de\"}]}<\/script>\n<!-- \/ Yoast SEO plugin. -->","yoast_head_json":{"title":"Kontakt | MD medicina","description":"Obi\u0161\u010dite MD Medicina v centru Ljubljane, v neposredni bli\u017eini UKC. Nudimo vrhunske urolo\u0161ke in specialisti\u010dne storitve brez \u010dakanja. Naro\u010dite se na pregled.","robots":{"index":"index","follow":"follow","max-snippet":"max-snippet:-1","max-image-preview":"max-image-preview:large","max-video-preview":"max-video-preview:-1"},"canonical":"https:\/\/md-medicina.si\/de\/kontakt\/","og_locale":"de_DE","og_type":"article","og_title":"Kontakt | MD medicina","og_description":"Obi\u0161\u010dite MD Medicina v centru Ljubljane, v neposredni bli\u017eini UKC. Nudimo vrhunske urolo\u0161ke in specialisti\u010dne storitve brez \u010dakanja. Naro\u010dite se na pregled.","og_url":"https:\/\/md-medicina.si\/de\/kontakt\/","og_site_name":"MD medicina","article_modified_time":"2026-03-26T15:47:56+00:00","twitter_card":"summary_large_image","twitter_misc":{"Gesch\u00e4tzte Lesezeit":"1\u00a0Minute"},"schema":{"@context":"https:\/\/schema.org","@graph":[{"@type":"WebPage","@id":"https:\/\/md-medicina.si\/kontakt\/","url":"https:\/\/md-medicina.si\/kontakt\/","name":"Kontakt | MD medicina","isPartOf":{"@id":"https:\/\/md-medicina.si\/en\/#website"},"datePublished":"2025-04-18T12:18:21+00:00","dateModified":"2026-03-26T15:47:56+00:00","description":"Obi\u0161\u010dite MD Medicina v centru Ljubljane, v neposredni bli\u017eini UKC. Nudimo vrhunske urolo\u0161ke in specialisti\u010dne storitve brez \u010dakanja. Naro\u010dite se na pregled.","breadcrumb":{"@id":"https:\/\/md-medicina.si\/kontakt\/#breadcrumb"},"inLanguage":"de","potentialAction":[{"@type":"ReadAction","target":["https:\/\/md-medicina.si\/kontakt\/"]}]},{"@type":"BreadcrumbList","@id":"https:\/\/md-medicina.si\/kontakt\/#breadcrumb","itemListElement":[{"@type":"ListItem","position":1,"name":"Home","item":"https:\/\/md-medicina.si\/"},{"@type":"ListItem","position":2,"name":"Kontakt"}]},{"@type":"WebSite","@id":"https:\/\/md-medicina.si\/en\/#website","url":"https:\/\/md-medicina.si\/en\/","name":"MD medicina","description":"Alles f\u00fcr Ihre Gesundheit.","potentialAction":[{"@type":"SearchAction","target":{"@type":"EntryPoint","urlTemplate":"https:\/\/md-medicina.si\/en\/?s={search_term_string}"},"query-input":{"@type":"PropertyValueSpecification","valueRequired":true,"valueName":"search_term_string"}}],"inLanguage":"de"}]}},"_links":{"self":[{"href":"https:\/\/md-medicina.si\/de\/wp-json\/wp\/v2\/pages\/414","targetHints":{"allow":["GET"]}}],"collection":[{"href":"https:\/\/md-medicina.si\/de\/wp-json\/wp\/v2\/pages"}],"about":[{"href":"https:\/\/md-medicina.si\/de\/wp-json\/wp\/v2\/types\/page"}],"author":[{"embeddable":true,"href":"https:\/\/md-medicina.si\/de\/wp-json\/wp\/v2\/users\/1"}],"replies":[{"embeddable":true,"href":"https:\/\/md-medicina.si\/de\/wp-json\/wp\/v2\/comments?post=414"}],"version-history":[{"count":40,"href":"https:\/\/md-medicina.si\/de\/wp-json\/wp\/v2\/pages\/414\/revisions"}],"predecessor-version":[{"id":2984,"href":"https:\/\/md-medicina.si\/de\/wp-json\/wp\/v2\/pages\/414\/revisions\/2984"}],"wp:attachment":[{"href":"https:\/\/md-medicina.si\/de\/wp-json\/wp\/v2\/media?parent=414"}],"curies":[{"name":"wp","href":"https:\/\/api.w.org\/{rel}","templated":true}]}}